{"id":933,"date":"2025-06-04T11:52:49","date_gmt":"2025-06-04T09:52:49","guid":{"rendered":"https:\/\/www.mydorucujeme.cz\/wolt-registration-for-contract-renewal\/"},"modified":"2025-06-12T17:41:52","modified_gmt":"2025-06-12T15:41:52","slug":"wolt-registration-for-contract-renewal","status":"publish","type":"page","link":"https:\/\/www.mydorucujeme.cz\/en\/wolt-registration-for-contract-renewal\/","title":{"rendered":"Wolt registration for contract renewal"},"content":{"rendered":"\t\t<div data-elementor-type=\"wp-page\" data-elementor-id=\"933\" class=\"elementor elementor-933 elementor-819\" data-elementor-post-type=\"page\">\n\t\t\t\t<div class=\"elementor-element elementor-element-f443f8b e-flex e-con-boxed e-con e-parent\" data-id=\"f443f8b\" data-element_type=\"container\" data-e-type=\"container\" data-settings=\"{&quot;background_background&quot;:&quot;classic&quot;}\">\n\t\t\t\t\t<div class=\"e-con-inner\">\n\t\t\t\t<div class=\"elementor-element elementor-element-6576fcb elementor-widget__width-inherit elementor-absolute elementor-widget elementor-widget-image\" data-id=\"6576fcb\" data-element_type=\"widget\" data-e-type=\"widget\" data-settings=\"{&quot;_position&quot;:&quot;absolute&quot;}\" data-widget_type=\"image.default\">\n\t\t\t\t<div class=\"elementor-widget-container\">\n\t\t\t\t\t\t\t\t\t\t\t\t\t\t\t<img fetchpriority=\"high\" decoding=\"async\" width=\"800\" height=\"800\" src=\"https:\/\/www.mydorucujeme.cz\/wp-content\/uploads\/2025\/04\/blue-circle.svg\" class=\"attachment-large size-large wp-image-861\" alt=\"\" \/>\t\t\t\t\t\t\t\t\t\t\t\t\t\t\t<\/div>\n\t\t\t\t<\/div>\n\t\t\t\t<div class=\"elementor-element elementor-element-95a3d80 elementor-widget elementor-widget-jkit_heading\" data-id=\"95a3d80\" data-element_type=\"widget\" data-e-type=\"widget\" data-widget_type=\"jkit_heading.default\">\n\t\t\t\t<div class=\"elementor-widget-container\">\n\t\t\t\t\t<div  class=\"jeg-elementor-kit jkit-heading  align-center align-tablet- align-mobile-center jeg_module___69f4e1e3bc656\" ><div class=\"heading-section-title  display-inline-block\"><h1 class=\"heading-title\"><span class=\"style-gradient\"><span>Filling in missing data: contract extension<\/span><\/span><\/h1><\/div><\/div>\t\t\t\t<\/div>\n\t\t\t\t<\/div>\n\t\t\t\t\t<\/div>\n\t\t\t\t<\/div>\n\t\t<div class=\"elementor-element elementor-element-2e443fd e-flex e-con-boxed e-con e-parent\" data-id=\"2e443fd\" data-element_type=\"container\" data-e-type=\"container\">\n\t\t\t\t\t<div class=\"e-con-inner\">\n\t\t\t\t<div class=\"elementor-element elementor-element-b7de82c elementor-widget__width-inherit elementor-absolute elementor-widget elementor-widget-image\" data-id=\"b7de82c\" data-element_type=\"widget\" data-e-type=\"widget\" data-settings=\"{&quot;_position&quot;:&quot;absolute&quot;}\" data-widget_type=\"image.default\">\n\t\t\t\t<div class=\"elementor-widget-container\">\n\t\t\t\t\t\t\t\t\t\t\t\t\t\t\t<img fetchpriority=\"high\" decoding=\"async\" width=\"800\" height=\"800\" src=\"https:\/\/www.mydorucujeme.cz\/wp-content\/uploads\/2025\/04\/blue-circle.svg\" class=\"attachment-large size-large wp-image-861\" alt=\"\" \/>\t\t\t\t\t\t\t\t\t\t\t\t\t\t\t<\/div>\n\t\t\t\t<\/div>\n\t\t\t\t<div class=\"elementor-element elementor-element-8badb02 elementor-widget__width-inherit elementor-widget elementor-widget-html\" data-id=\"8badb02\" data-element_type=\"widget\" data-e-type=\"widget\" data-widget_type=\"html.default\">\n\t\t\t\t<div class=\"elementor-widget-container\">\n\t\t\t\t\t<div id=\"zf_div_BtTkOEIoZ27yj-6wa6YX16_PcRNbPZArqL9YmSPMEpQ\"><\/div>\r\n<script type=\"text\/javascript\">\r\n(function() {\r\n  try {\r\n    \/\/ Funkcia na z\u00edskavanie a dek\u00f3dovanie query parametrov z URL\r\n    function getQueryParam(param) {\r\n      const urlParams = new URLSearchParams(window.location.search);\r\n      return urlParams.get(param) ? decodeURIComponent(urlParams.get(param)) : \"\";\r\n    }\r\n\r\n    \/\/ Na\u010d\u00edtanie hodn\u00f4t z URL\r\n    const username = getQueryParam(\"username\");\r\n    const usersurename = getQueryParam(\"usersurename\");\r\n    const useremail = getQueryParam(\"useremail\");\r\n    const userphone = getQueryParam(\"userphone\");\r\n\r\n    \/\/ Oprava znaku +: Nahra\u010fte v\u0161etky medzery sp\u00e4\u0165 znakom +\r\n    const fixedUseremail = useremail.replace(\/ \/g, \"+\");\r\n    const fixedUserphone = userphone.replace(\/ \/g, \"+\");\r\n\r\n    \/\/ Dynamick\u00e9 vytvorenie URL pre iframe s parametrami\r\n    const dynamicURL = `https:\/\/forms.zohopublic.eu\/mydoruujemeczsro\/form\/WOLTRegistranformulr40AKTVNIREGISTROVANIMIMOZOHO\/formperma\/BtTkOEIoZ27yj-6wa6YX16_PcRNbPZArqL9YmSPMEpQ?zf_rszfm=1&username=${encodeURIComponent(username)}&usersurename=${encodeURIComponent(usersurename)}&useremail=${encodeURIComponent(fixedUseremail)}&userphone=${encodeURIComponent(fixedUserphone)}`;\r\n\r\n    \/\/ Vytvorenie iframe elementu\r\n    var f = document.createElement(\"iframe\");\r\n    f.src = dynamicURL;\r\n    f.style.border = \"none\";\r\n    f.style.height = \"1598px\";\r\n    f.style.width = \"100%\";\r\n    f.style.transition = \"all 0.5s ease\";\r\n    f.setAttribute(\"aria-label\", 'Nahratie dokumentov - Wolt');\r\n    f.setAttribute(\"allow\", \"geolocation;\");\r\n\r\n    \/\/ Vlo\u017eenie iframe do divu\r\n    var d = document.getElementById(\"zf_div_BtTkOEIoZ27yj-6wa6YX16_PcRNbPZArqL9YmSPMEpQ\");\r\n    d.appendChild(f);\r\n\r\n    \/\/ Udalos\u0165 na prisp\u00f4sobenie v\u00fd\u0161ky iframe\r\n    window.addEventListener('message', function (event) {\r\n      var evntData = event.data;\r\n      if (evntData && evntData.constructor == String) {\r\n        var zf_ifrm_data = evntData.split(\"|\");\r\n        if (zf_ifrm_data.length == 2 || zf_ifrm_data.length == 3) {\r\n          var zf_perma = zf_ifrm_data[0];\r\n          var zf_ifrm_ht_nw = (parseInt(zf_ifrm_data[1], 10) + 15) + \"px\";\r\n          var iframe = document.getElementById(\"zf_div_BtTkOEIoZ27yj-6wa6YX16_PcRNbPZArqL9YmSPMEpQ\").getElementsByTagName(\"iframe\")[0];\r\n          if ((iframe.src).indexOf('formperma') > 0 && (iframe.src).indexOf(zf_perma) > 0) {\r\n            var prevIframeHeight = iframe.style.height;\r\n            var zf_tout = false;\r\n            if (zf_ifrm_data.length == 3) {\r\n              iframe.scrollIntoView();\r\n              zf_tout = true;\r\n            }\r\n            if (prevIframeHeight != zf_ifrm_ht_nw) {\r\n              if (zf_tout) {\r\n                setTimeout(function() {\r\n                  iframe.style.height = zf_ifrm_ht_nw;\r\n                }, 500);\r\n              } else {\r\n                iframe.style.height = zf_ifrm_ht_nw;\r\n              }\r\n            }\r\n          }\r\n        }\r\n      }\r\n    }, false);\r\n\r\n    \/\/ Odstr\u00e1nenie query parametrov z URL\r\n    const urlWithoutParams = window.location.origin + window.location.pathname;\r\n    history.replaceState({}, document.title, urlWithoutParams);\r\n  } catch (e) {\r\n    console.error(e);\r\n  }\r\n})();\r\n<\/script>\t\t\t\t<\/div>\n\t\t\t\t<\/div>\n\t\t\t\t\t<\/div>\n\t\t\t\t<\/div>\n\t\t\t\t<\/div>\n\t\t","protected":false},"excerpt":{"rendered":"<p>Filling in missing data: contract extension<\/p>\n","protected":false},"author":1,"featured_media":0,"parent":0,"menu_order":0,"comment_status":"closed","ping_status":"closed","template":"","meta":{"footnotes":""},"class_list":["post-933","page","type-page","status-publish","hentry"],"_links":{"self":[{"href":"https:\/\/www.mydorucujeme.cz\/en\/wp-json\/wp\/v2\/pages\/933","targetHints":{"allow":["GET"]}}],"collection":[{"href":"https:\/\/www.mydorucujeme.cz\/en\/wp-json\/wp\/v2\/pages"}],"about":[{"href":"https:\/\/www.mydorucujeme.cz\/en\/wp-json\/wp\/v2\/types\/page"}],"author":[{"embeddable":true,"href":"https:\/\/www.mydorucujeme.cz\/en\/wp-json\/wp\/v2\/users\/1"}],"replies":[{"embeddable":true,"href":"https:\/\/www.mydorucujeme.cz\/en\/wp-json\/wp\/v2\/comments?post=933"}],"version-history":[{"count":4,"href":"https:\/\/www.mydorucujeme.cz\/en\/wp-json\/wp\/v2\/pages\/933\/revisions"}],"predecessor-version":[{"id":1003,"href":"https:\/\/www.mydorucujeme.cz\/en\/wp-json\/wp\/v2\/pages\/933\/revisions\/1003"}],"wp:attachment":[{"href":"https:\/\/www.mydorucujeme.cz\/en\/wp-json\/wp\/v2\/media?parent=933"}],"curies":[{"name":"wp","href":"https:\/\/api.w.org\/{rel}","templated":true}]}}